{"id":1849,"date":"2018-03-14T09:56:12","date_gmt":"2018-03-14T09:56:12","guid":{"rendered":"https:\/\/www.lab-sl.com\/?page_id=1849"},"modified":"2019-02-14T09:34:02","modified_gmt":"2019-02-14T09:34:02","slug":"home","status":"publish","type":"page","link":"https:\/\/www.kudam.com\/en\/home\/","title":{"rendered":"Home"},"content":{"rendered":"<div class=\"tailor-element tailor-section tailor-5aa8f1d6f25b6\">\n<div class=\"tailor-section__content\">\n<!-- tailor:tailor_content:5aa8f1d6f25c2 --><\/p>\n<div class=\"tailor-element tailor-content tailor-5aa8f1d6f25c2\">\n<h1 align=\"center\"><span style=\"color: #084173;\"><b>Expertos en Servicios de Anal\u00edtica!<\/b><\/span><\/h1>\n<\/div>\n<!-- \/tailor:tailor_content:5aa8f1d6f25c2 --><!-- tailor:tailor_grid:5aa8f1d6f25c5 --><\/p>\n<div class=\"tailor-element tailor-grid tailor-grid--desktop tailor-grid--3 tailor-grid--bordered tailor-5aa8f1d6f25c5\">\n<!-- tailor:tailor_grid_item:5aa8f1d6f25c4 --><\/p>\n<div class=\"tailor-grid__item tailor-5aa8f1d6f25c4 u-text-center u-align-top\">\n<!-- tailor:tailor_content:5aa8f1d6f25c3 --><\/p>\n<div class=\"tailor-element tailor-content homebox tailor-5aa8f1d6f25c3\">\n<p><a href=\"https:\/\/www.lab-sl.com\/industries\/alimentacion-humana-y-animal\/\"><img decoding=\"async\" loading=\"lazy\" class=\"circle alignnone wp-image-102\" src=\"https:\/\/www.lab-sl.com\/wp-content\/uploads\/sites\/5\/2017\/08\/Alimentaci\u00f3n-Banner.jpg\" alt=\"\" width=\"250\" height=\"250\" \/><\/a><\/p>\n<h3><a href=\"https:\/\/www.lab-sl.com\/industries\/alimentacion-humana-y-animal\/\">Alimentaci\u00f3n y Piensos<\/a><\/h3>\n<p>An\u00e1lisis de Residuos de Plaguicidas y otros Contaminantes en alimentos. An\u00e1lisis de Aditivos alimentarios. An\u00e1lisis de Micotoxinas y Alfatoxinas. Anal\u00edsis de Nitrofuranos.<\/p>\n<\/div>\n<!-- \/tailor:tailor_content:5aa8f1d6f25c3 --><\/p>\n<\/div>\n<!-- \/tailor:tailor_grid_item:5aa8f1d6f25c4 --><!-- tailor:tailor_grid_item:5aa8f1d6f25c9 --><\/p>\n<div class=\"tailor-grid__item tailor-5aa8f1d6f25c9 u-text-center\">\n<!-- tailor:tailor_content:5aa8f1d6f25c8 --><\/p>\n<div class=\"tailor-element tailor-content homebox tailor-5aa8f1d6f25c8\">\n<p><a href=\"https:\/\/www.lab-sl.com\/industries\/agricultura-y-medio-ambiente\/\"><img decoding=\"async\" loading=\"lazy\" class=\"alignnone wp-image-324 size-full\" src=\"https:\/\/www.lab-sl.com\/wp-content\/uploads\/sites\/5\/2017\/02\/HeaderImage_0005_Agriculture.jpg\" alt=\"\" width=\"250\" height=\"250\" srcset=\"https:\/\/www.kudam.com\/en\/wp-content\/uploads\/sites\/104\/2017\/02\/HeaderImage_0005_Agriculture.jpg 250w, https:\/\/www.kudam.com\/en\/wp-content\/uploads\/sites\/104\/2017\/02\/HeaderImage_0005_Agriculture-150x150.jpg 150w\" sizes=\"(max-width: 250px) 100vw, 250px\" \/><\/a><\/p>\n<h3 class=\"cverde\"><a href=\"https:\/\/www.lab-sl.com\/industries\/agricultura-y-medio-ambiente\/\">Agricultura y Medio Ambiente <\/a><\/h3>\n<p>An\u00e1lisis de suelo y an\u00e1lisis foliares. An\u00e1lisis de agua de regad\u00edo. An\u00e1lisis de fertilizantes y sustratos. An\u00e1lisis de productos fitosanitarios.\u00a0An\u00e1lisis de aguas. An\u00e1lisis de residuos.<\/p>\n<\/div>\n<!-- \/tailor:tailor_content:5aa8f1d6f25c8 --><\/p>\n<\/div>\n<!-- \/tailor:tailor_grid_item:5aa8f1d6f25c9 --><!-- tailor:tailor_grid_item:5aa8f1d6f25c7 --><\/p>\n<div class=\"tailor-grid__item tailor-5aa8f1d6f25c7 u-text-center\">\n<!-- tailor:tailor_content:5aa8f1d6f25c6 --><\/p>\n<div class=\"tailor-element tailor-content homebox tailor-5aa8f1d6f25c6\">\n<p><a href=\"https:\/\/www.lab-sl.com\/industries\/belleza-y-cuidado-personal\/\"><img decoding=\"async\" loading=\"lazy\" class=\"alignnone wp-image-320 size-full\" src=\"https:\/\/www.lab-sl.com\/wp-content\/uploads\/sites\/5\/2017\/02\/HeaderImage_0001_Supplement.jpg\" alt=\"\" width=\"250\" height=\"250\" srcset=\"https:\/\/www.kudam.com\/en\/wp-content\/uploads\/sites\/104\/2017\/02\/HeaderImage_0001_Supplement.jpg 250w, https:\/\/www.kudam.com\/en\/wp-content\/uploads\/sites\/104\/2017\/02\/HeaderImage_0001_Supplement-150x150.jpg 150w\" sizes=\"(max-width: 250px) 100vw, 250px\" \/><\/a><\/p>\n<h3><span class=\"s1\"><a href=\"https:\/\/www.lab-sl.com\/industries\/belleza-y-cuidado-personal\/\">Belleza y Cuidado Personal<\/a><\/span><\/h3>\n<p>Los cosm\u00e9ticos y los productos relacionados con el cuidado personal, deben ser efectivos y, a la vez, inofensivos desde el punto de vista dermatol\u00f3gico y medioambiental.<\/p>\n<\/div>\n<!-- \/tailor:tailor_content:5aa8f1d6f25c6 --><\/p>\n<\/div>\n<!-- \/tailor:tailor_grid_item:5aa8f1d6f25c7 --><\/p>\n<\/div>\n<!-- \/tailor:tailor_grid:5aa8f1d6f25c5 --><\/p>\n<\/div>\n<\/div>\n<!-- \/tailor:tailor_section:5aa8f1d6f25b6 --><!-- tailor:tailor_section:5aa8f1d6f25b7 --><\/p>\n<div class=\"tailor-element tailor-section tailor-5aa8f1d6f25b7 u-text-left\">\n<div class=\"tailor-section__content\">\n<!-- tailor:tailor_content:5aa8f1d6f25d9 --><\/p>\n<div class=\"tailor-element tailor-content tailor-5aa8f1d6f25d9\">\n<h4 style=\"text-align: center;\"><span style=\"color: #808080;\"><span style=\"font-size: 18pt;\"> Nuestros servicios con mayor demanda<\/span><\/span><\/h4>\n<\/div>\n<!-- \/tailor:tailor_content:5aa8f1d6f25d9 --><!-- tailor:tailor_row:5aa8f1d6f25d6 --><\/p>\n<div class=\"tailor-element tailor-row tablet-columns tailor-5aa8f1d6f25d6\">\n<!-- tailor:tailor_column:5aa8f1d6f25d5 --><\/p>\n<div class=\"tailor-column tailor-5aa8f1d6f25d5\">\n<!-- tailor:tailor_content:5aa8f1d6f25d4 --><\/p>\n<div class=\"tailor-element tailor-content tailor-5aa8f1d6f25d4\">\n<p><a href=\"https:\/\/www.lab-sl.com\/analisis-de-plaguicidas\"><img decoding=\"async\" loading=\"lazy\" class=\"alignnone wp-image-908 size-full\" src=\"https:\/\/www.lab-sl.com\/wp-content\/uploads\/sites\/5\/2017\/02\/Plaguicidas-banner-1.jpg\" alt=\"\" width=\"700\" height=\"409\" srcset=\"https:\/\/www.kudam.com\/en\/wp-content\/uploads\/sites\/104\/2017\/02\/Plaguicidas-banner-1.jpg 700w, https:\/\/www.kudam.com\/en\/wp-content\/uploads\/sites\/104\/2017\/02\/Plaguicidas-banner-1-300x175.jpg 300w\" sizes=\"(max-width: 700px) 100vw, 700px\" \/><\/a><\/p>\n<\/div>\n<!-- \/tailor:tailor_content:5aa8f1d6f25d4 --><\/p>\n<\/div>\n<!-- \/tailor:tailor_column:5aa8f1d6f25d5 --><!-- tailor:tailor_column:5aa8f1d6f25d8 --><\/p>\n<div class=\"tailor-column tailor-5aa8f1d6f25d8\">\n<!-- tailor:tailor_content:5aa8f1d6f25d7 --><\/p>\n<div class=\"tailor-element tailor-content tailor-5aa8f1d6f25d7\">\n<p><a href=\"https:\/\/www.lab-sl.com\/analisis-de-agua\"><img decoding=\"async\" loading=\"lazy\" class=\"alignnone wp-image-910 size-full\" src=\"https:\/\/www.lab-sl.com\/wp-content\/uploads\/sites\/5\/2017\/02\/Banner-Web-LAB-Agua.jpg\" alt=\"\" width=\"900\" height=\"526\" srcset=\"https:\/\/www.kudam.com\/en\/wp-content\/uploads\/sites\/104\/2017\/02\/Banner-Web-LAB-Agua.jpg 900w, https:\/\/www.kudam.com\/en\/wp-content\/uploads\/sites\/104\/2017\/02\/Banner-Web-LAB-Agua-300x175.jpg 300w, https:\/\/www.kudam.com\/en\/wp-content\/uploads\/sites\/104\/2017\/02\/Banner-Web-LAB-Agua-768x449.jpg 768w, https:\/\/www.kudam.com\/en\/wp-content\/uploads\/sites\/104\/2017\/02\/Banner-Web-LAB-Agua-700x409.jpg 700w\" sizes=\"(max-width: 900px) 100vw, 900px\" \/><\/a><\/p>\n<\/div>\n<!-- \/tailor:tailor_content:5aa8f1d6f25d7 --><\/p>\n<\/div>\n<!-- \/tailor:tailor_column:5aa8f1d6f25d8 --><!-- tailor:tailor_column:5aa8f1d6f25e1 --><\/p>\n<div class=\"tailor-column tailor-5aa8f1d6f25e1\">\n<!-- tailor:tailor_content:5aa8f1d6f25e0 --><\/p>\n<div class=\"tailor-element tailor-content tailor-5aa8f1d6f25e0\">\n<p><a href=\"https:\/\/www.lab-sl.com\/analisis-de-suelo-y-foliares\" rel=\"noopener\"><img decoding=\"async\" loading=\"lazy\" class=\"alignnone wp-image-913 size-full\" src=\"https:\/\/www.lab-sl.com\/wp-content\/uploads\/sites\/5\/2017\/02\/Banner-Web-LAB-Suelos.jpg\" alt=\"\" width=\"900\" height=\"526\" srcset=\"https:\/\/www.kudam.com\/en\/wp-content\/uploads\/sites\/104\/2017\/02\/Banner-Web-LAB-Suelos.jpg 900w, https:\/\/www.kudam.com\/en\/wp-content\/uploads\/sites\/104\/2017\/02\/Banner-Web-LAB-Suelos-300x175.jpg 300w, https:\/\/www.kudam.com\/en\/wp-content\/uploads\/sites\/104\/2017\/02\/Banner-Web-LAB-Suelos-768x449.jpg 768w, https:\/\/www.kudam.com\/en\/wp-content\/uploads\/sites\/104\/2017\/02\/Banner-Web-LAB-Suelos-700x409.jpg 700w\" sizes=\"(max-width: 900px) 100vw, 900px\" \/><\/a><\/p>\n<\/div>\n<!-- \/tailor:tailor_content:5aa8f1d6f25e0 --><\/p>\n<\/div>\n<!-- \/tailor:tailor_column:5aa8f1d6f25e1 --><\/p>\n<\/div>\n<!-- \/tailor:tailor_row:5aa8f1d6f25d6 --><\/p>\n<\/div>\n<\/div>\n<!-- \/tailor:tailor_section:5aa8f1d6f25b7 --><!-- tailor:tailor_section:5aa8f1d6f25b8 --><\/p>\n<div class=\"tailor-element tailor-section tailor-5aa8f1d6f25b8 u-text-left\">\n<div class=\"tailor-section__content\">\n<!-- tailor:tailor_grid:5aa8f1d6f25d2 --><\/p>\n<div class=\"tailor-element tailor-grid tailor-grid--tablet tailor-grid--2 tailor-grid--bordered tailor-5aa8f1d6f25d2\">\n<!-- tailor:tailor_grid_item:5aa8f1d6f25d1 --><\/p>\n<div class=\"tailor-grid__item tailor-5aa8f1d6f25d1\">\n<!-- tailor:tailor_content:5aa8f1d6f25d0 --><\/p>\n<div class=\"tailor-element tailor-content tailor-5aa8f1d6f25d0\">\n<h2 align=\"center\"><\/h2>\n<h2 style=\"text-align: center;\" align=\"center\"><span style=\"color: #808080;\"><b>LAB | Laboratorio Anal\u00edtico Biocl\u00ednico<\/b><\/span><\/h2>\n<hr \/>\n<p style=\"text-align: justify;\" align=\"justify\"><span style=\"color: #808080;\"><strong><a href=\"http:\/\/www.lab-es.com\/\" target=\"_blank\" rel=\"noopener noreferrer\">LAB<\/a><\/strong>\u00a0fue creada en 2003 como una spin-off de las Universidades de Almer\u00eda y Granada. Actualmente formamos parte de\u00a0<strong><a href=\"http:\/\/www.tentamus.com\/\" target=\"_blank\" rel=\"noopener noreferrer\">Grupo TENTAMUS<\/a><\/strong>, importante red internacional de laboratorios.<\/span><\/p>\n<p style=\"text-align: justify;\"><span style=\"color: #808080;\">La sede central de LAB est\u00e1 situada en Almer\u00eda, en el <a href=\"http:\/\/pitalmeria.es\/\" target=\"_blank\" rel=\"noopener\">Parque Cient\u00edfico Tecnol\u00f3gico de PITA<\/a>. Adem\u00e1s, contamos con una delegaci\u00f3n en Huelva (Pol\u00edgono Industrial la Gavera).\u00a0Dos emplazamientos estrat\u00e9gicos desde donde realizamos servicios de anal\u00edtica ligados al sector de la alimentaci\u00f3n, agricultura, medio ambiente y cosm\u00e9tica.<\/span><\/p>\n<p style=\"text-align: justify;\">\n<\/div>\n<!-- \/tailor:tailor_content:5aa8f1d6f25d0 --><\/p>\n<\/div>\n<!-- \/tailor:tailor_grid_item:5aa8f1d6f25d1 --><!-- tailor:tailor_grid_item:5aa8f1d6f25c1 --><\/p>\n<div class=\"tailor-grid__item tailor-5aa8f1d6f25c1\">\n<!-- tailor:tailor_content:5aa8f1d6f25c0 --><\/p>\n<div class=\"tailor-element tailor-content tailor-5aa8f1d6f25c0\">\n<p style=\"text-align: justify;\"><span style=\"color: #808080;\">Somos un laboratorio que trabajamos bajo <a href=\"https:\/\/www.lab-sl.com\/acreditaciones\/\" target=\"_blank\" rel=\"noopener\">acreditaci\u00f3n ENAC<\/a> y contamos con la certificaci\u00f3n de varias normas de calidad.\u00a0El equipo LAB est\u00e1 conformado por profesionales especializados en diferentes \u00e1reas: <a href=\"https:\/\/www.lab-sl.com\/lab-service\/microbiologia\/\" target=\"_blank\" rel=\"noopener\">Microbiolog\u00eda, Cromatograf\u00eda y An\u00e1lisis Fisicoqu\u00edmicos<\/a>. Nuestros especialistas le asesorar\u00e1 y guiar\u00e1n durante todo el proceso.<\/span><\/p>\n<p><img decoding=\"async\" loading=\"lazy\" class=\"alignnone wp-image-1081 size-full\" src=\"https:\/\/www.lab-sl.com\/wp-content\/uploads\/sites\/5\/2017\/02\/lab-sl-panor\u00e1mica.jpg\" alt=\"\" width=\"960\" height=\"341\" srcset=\"https:\/\/www.kudam.com\/en\/wp-content\/uploads\/sites\/104\/2017\/02\/lab-sl-panor\u00e1mica.jpg 960w, https:\/\/www.kudam.com\/en\/wp-content\/uploads\/sites\/104\/2017\/02\/lab-sl-panor\u00e1mica-300x107.jpg 300w, https:\/\/www.kudam.com\/en\/wp-content\/uploads\/sites\/104\/2017\/02\/lab-sl-panor\u00e1mica-768x273.jpg 768w\" sizes=\"(max-width: 960px) 100vw, 960px\" \/><\/p>\n<\/div>\n<!-- \/tailor:tailor_content:5aa8f1d6f25c0 --><\/p>\n<\/div>\n<!-- \/tailor:tailor_grid_item:5aa8f1d6f25c1 --><\/p>\n<\/div>\n<!-- \/tailor:tailor_grid:5aa8f1d6f25d2 --><\/p>\n<\/div>\n<\/div>\n<!-- \/tailor:tailor_section:5aa8f1d6f25b8 --><!-- tailor:tailor_section:5aa8f1d6f25b9 --><\/p>\n<div class=\"tailor-element tailor-section tailor-5aa8f1d6f25b9\">\n<div class=\"tailor-section__content\">\n<!-- tailor:tailor_content:5aa8f1d6f25d3 --><\/p>\n<div class=\"tailor-element tailor-content tailor-5aa8f1d6f25d3\">\n<h1><\/h1>\n<h1 style=\"text-align: center;\">\u00a0<span style=\"font-size: 22pt;\"><a href=\"https:\/\/www.lab-sl.com\/news\/\"><span style=\"color: #084173;\"><b><u>\u00daltimas noticias<\/u><\/b><\/span><\/a><\/span><\/h1>\n<div class=\"container no-gutter\"><div id=\"posts\" class=\"row posts\"><article class=\"item col-md-6 col-lg-4\">\n          <div class=\"content\"><div class=\"thumb\"><a href=\"https:\/\/www.kudam.com\/en\/news\/tentamus-web-com-aromalab-en\/new-in-our-portfolio-headspace-spme-gc-ms\"><img width=\"350\" height=\"350\" src=\"https:\/\/www.kudam.com\/en\/wp-content\/uploads\/sites\/23\/2025\/05\/IMG_8403-350x350.jpg\" class=\"attachment-news-thumb size-news-thumb wp-post-image\" alt=\"\" decoding=\"async\" loading=\"lazy\" srcset=\"https:\/\/www.kudam.com\/en\/wp-content\/uploads\/sites\/23\/2025\/05\/IMG_8403-350x350.jpg 350w, https:\/\/www.kudam.com\/en\/wp-content\/uploads\/sites\/23\/2025\/05\/IMG_8403-150x150.jpg 150w\" sizes=\"(max-width: 350px) 100vw, 350px\" \/><\/a><\/div><header>\n              <h2 class=\"h2\"><a href=\"https:\/\/www.kudam.com\/en\/news\/tentamus-web-com-aromalab-en\/new-in-our-portfolio-headspace-spme-gc-ms\">New in our portfolio: Headspace-SPME GC-MS<\/a><\/h2>\n            <\/header>\n            <div class=\"entry-summary\">\n              We now offer a new analytical method, Headspace SPME (solid phase microextraction), which is suitable for routine aroma analysis as well as for special analytical questions! Do you remember our article from last summer, in which we introduced you to our new Headspace SPME GC-MS? Back then, it was just an announcement of things to\n              <a href=\"https:\/\/www.kudam.com\/en\/news\/tentamus-web-com-aromalab-en\/new-in-our-portfolio-headspace-spme-gc-ms\" class=\"readmore\">... Continued<\/a>\n            <\/div>\n          <\/div>\n        <\/article><article class=\"item col-md-6 col-lg-4\">\n          <div class=\"content\"><div class=\"thumb\"><a href=\"https:\/\/www.kudam.com\/en\/news\/tentamus-web-com\/tentamus-private-label-services-2\"><img width=\"350\" height=\"350\" src=\"https:\/\/www.kudam.com\/en\/wp-content\/uploads\/2019\/09\/private-label-brand-services-market-350x350.jpg\" class=\"attachment-news-thumb size-news-thumb wp-post-image\" alt=\"Primary Ingredient\" decoding=\"async\" loading=\"lazy\" srcset=\"https:\/\/www.kudam.com\/en\/wp-content\/uploads\/2019\/09\/private-label-brand-services-market-350x350.jpg 350w, https:\/\/www.kudam.com\/en\/wp-content\/uploads\/2019\/09\/private-label-brand-services-market-150x150.jpg 150w\" sizes=\"(max-width: 350px) 100vw, 350px\" \/><\/a><\/div><header>\n              <h2 class=\"h2\"><a href=\"https:\/\/www.kudam.com\/en\/news\/tentamus-web-com\/tentamus-private-label-services-2\">Tentamus Private Label Services<\/a><\/h2>\n            <\/header>\n            <div class=\"entry-summary\">\n              Retailers are increasingly focusing on their private label brands. It is important that the products have a good, consistent and comparable quality and appeal to the consumer. We support you in bringing your product to the market safely and according to the requirements of the market. It is particularly important that you meet all legal\n              <a href=\"https:\/\/www.kudam.com\/en\/news\/tentamus-web-com\/tentamus-private-label-services-2\" class=\"readmore\">... Continued<\/a>\n            <\/div>\n          <\/div>\n        <\/article><article class=\"item col-md-6 col-lg-4\">\n          <div class=\"content\"><div class=\"thumb\"><a href=\"https:\/\/www.kudam.com\/en\/news\/tentamus-web-com\/vanilla-real-expensive-2\"><img width=\"350\" height=\"350\" src=\"https:\/\/www.kudam.com\/en\/wp-content\/uploads\/2017\/09\/vanilla-2519484_1920-350x350.jpg\" class=\"attachment-news-thumb size-news-thumb wp-post-image\" alt=\"\" decoding=\"async\" loading=\"lazy\" srcset=\"https:\/\/www.kudam.com\/en\/wp-content\/uploads\/2017\/09\/vanilla-2519484_1920-350x350.jpg 350w, https:\/\/www.kudam.com\/en\/wp-content\/uploads\/2017\/09\/vanilla-2519484_1920-150x150.jpg 150w\" sizes=\"(max-width: 350px) 100vw, 350px\" \/><\/a><\/div><header>\n              <h2 class=\"h2\"><a href=\"https:\/\/www.kudam.com\/en\/news\/tentamus-web-com\/vanilla-real-expensive-2\">Vanilla \u2013 Real, expensive<\/a><\/h2>\n            <\/header>\n            <div class=\"entry-summary\">\n              &#8230;but not always real. Bremen, Planegg &#8211; Genuine vanilla has the reputation of being an exquisit spice which is reflected in its price. Depictions of vanilla beans on a vanillin containing product are often used to highlight exclusiveness. But beware! Not all vanillin used is actually extracted from genuine vanilla, i.e. Vanilla planifolia or Vanilla\n              <a href=\"https:\/\/www.kudam.com\/en\/news\/tentamus-web-com\/vanilla-real-expensive-2\" class=\"readmore\">... Continued<\/a>\n            <\/div>\n          <\/div>\n        <\/article><\/div><\/div>\n<\/div>\n<!-- \/tailor:tailor_content:5aa8f1d6f25d3 --><\/p>\n<\/div>\n<\/div>\n<!-- \/tailor:tailor_section:5aa8f1d6f25b9 --><\/p>\n","protected":false},"excerpt":{"rendered":"<p>Expertos en Servicios de Anal\u00edtica! Alimentaci\u00f3n y Piensos An\u00e1lisis de Residuos de Plaguicidas y otros Contaminantes en alimentos. An\u00e1lisis de Aditivos alimentarios. An\u00e1lisis de Micotoxinas y Alfatoxinas. Anal\u00edsis de Nitrofuranos. Agricultura y Medio Ambiente An\u00e1lisis de suelo y an\u00e1lisis foliares. An\u00e1lisis de agua de regad\u00edo. An\u00e1lisis de fertilizantes y sustratos. An\u00e1lisis de productos fitosanitarios.\u00a0An\u00e1lisis de<\/p>\n","protected":false},"author":2,"featured_media":0,"parent":0,"menu_order":0,"comment_status":"closed","ping_status":"closed","template":"","meta":{"inline_featured_image":false},"acf":false,"_links":{"self":[{"href":"https:\/\/www.kudam.com\/en\/wp-json\/wp\/v2\/pages\/1849"}],"collection":[{"href":"https:\/\/www.kudam.com\/en\/wp-json\/wp\/v2\/pages"}],"about":[{"href":"https:\/\/www.kudam.com\/en\/wp-json\/wp\/v2\/types\/page"}],"author":[{"embeddable":true,"href":"https:\/\/www.kudam.com\/en\/wp-json\/wp\/v2\/users\/2"}],"replies":[{"embeddable":true,"href":"https:\/\/www.kudam.com\/en\/wp-json\/wp\/v2\/comments?post=1849"}],"version-history":[{"count":3,"href":"https:\/\/www.kudam.com\/en\/wp-json\/wp\/v2\/pages\/1849\/revisions"}],"predecessor-version":[{"id":2408,"href":"https:\/\/www.kudam.com\/en\/wp-json\/wp\/v2\/pages\/1849\/revisions\/2408"}],"wp:attachment":[{"href":"https:\/\/www.kudam.com\/en\/wp-json\/wp\/v2\/media?parent=1849"}],"curies":[{"name":"wp","href":"https:\/\/api.w.org\/{rel}","templated":true}]}}